{"id":33,"date":"2022-06-20T17:04:12","date_gmt":"2022-06-20T17:04:12","guid":{"rendered":"https:\/\/www.solring.dk\/?page_id=33"},"modified":"2022-06-20T17:10:56","modified_gmt":"2022-06-20T17:10:56","slug":"det-indre-og-det-ydre-selv","status":"publish","type":"page","link":"https:\/\/www.solring.dk\/index.php\/det-indre-og-det-ydre-selv\/","title":{"rendered":"Det indre og det ydre selv."},"content":{"rendered":"<p><a href=\"https:\/\/www.solring.dk\/\">Hovedsiden<\/a><\/p>\n<p>Det indre selv er det selv, som de flest er i i dagligdagen. Det er i vores holdninger, og i vores m\u00e5de at opleve tildragelser p\u00e5. Det er i vores opfattelser om at det eller  det er hent, og det er pr\u00e6get af vores erfaringer og opdragelse, om hvordan vi ser p\u00e5 verden. Man kan godt sammenligne det med sindets opfattelser, tilskyndelser og bekymringer.<br \/>\nFaktisk kan man sige, at det bevidste jeg, er temmelig ubevidst, for tit og ofte k\u00f8rer det bare afsted med os, uden at vi opdager det. Tit er det vores opdragelse, og erfaringer, der f\u00e5r os til at t\u00e6nke noget ganske bestemt om en situation, og rigtig tit er vi ikke en gang opm\u00e6rksom p\u00e5, at vi t\u00e6nker det eller det om situationen, eller at vi overhoved t\u00e6nker noget som helst. Dette s\u00e6tter sig ubevidst til erfaringer. Enda kalder vi det nogen gange d\u00e5rlige erfaringer, men igen uden at reflektere over, hvordan de er blevet det, og hvorfor de er s\u00e5kaldt d\u00e5rlige.<br \/>\nErfaringer er jo som reglen, noget, der er hent os igen og igen. Men hvorfor sker det igen og igen for mig, og hvad har jeg selv med det at g\u00f8re? Hvad var mine motiver til at s\u00e6tte et eller andet igang, og hvor p\u00e5 vejen mistede jeg fokus og retningen? Og meget, rigtig meget interessant, hvorfor husker vi ikke de s\u00e5kaldt gode erfaringer? Hvad er forskellen? Der er sikkert mange svar p\u00e5 disse sp\u00f8rgsm\u00e5l, men det eneste vigtige svar, set med mine \u00f8jne, er, at det indre selv k\u00f8rer med os.<\/p>\n<p>Det ydre selv er derimod overhovedet ikke p\u00e5virket af vores daglige liv. Det bliver ikke s\u00e5ret, jaloux, misundelig, glad eller lykkelig.Og drager som s\u00e5dan s\u00e5 heller ikke erfareinger eller slutninger. Det ydre selv skaber forbindelse mellem vores tanker, og dermed vores v\u00e6rem\u00e5de,  og den synkronisitet vi med disse tanker kan opn\u00e5.<br \/>\nDet er derfor, . man egentlig godt kan sige at alt er perfekt, selv om det aldeles ikke altid opleves s\u00e5dan. Men jo i den store forkromede sammenh\u00e6ng, h\u00e6nger  alt smukt sammen. vi kan kun modtage, tiltr\u00e6kke, det vi er og giver ud selv.<br \/>\nDet ydre selv bringer os indskydelser, tilskyndelser, ideer, anelser om, alt som vi har brug for eller ikke har brug for, men som vi tror, vi har brug for, fordi det virker p\u00e5 det ydre plan, for at undg\u00e5 grums fra vores usorterede tanker og liv. S\u00e5 derfor fungere det s\u00e5dan, at i takt med at vi \u00f8ger vores opm\u00e6rksomhed p\u00e5, det vi t\u00e6nker, motiver, g\u00f8r, siger, kan vi \u00e6ndre vores opfattelse i det indre selv som dermed kan hj\u00e6lpevores ydre selv til at kommunikere nye og \u00e6ndrede ideer, indskydelser, tilskyndelser og anelser, og der med h\u00f8jne vores intuition til at bringe os i kontakt med mere og mere hensigtsm\u00e6ssige valg.<br \/>\nS\u00e5 enkelt, og s\u00e5 sv\u00e6rt, er det faktisk.<\/p>\n","protected":false},"excerpt":{"rendered":"<p>Hovedsiden Det indre selv er det selv, som de flest er i i dagligdagen. Det er i vores holdninger, og i vores m\u00e5de at opleve tildragelser p\u00e5. Det er i vores opfattelser om at det eller det er hent, og det er pr\u00e6get af vores erfaringer og opdragelse, om hvordan vi ser p\u00e5 verden. Man&hellip; <a class=\"more-link\" href=\"https:\/\/www.solring.dk\/index.php\/det-indre-og-det-ydre-selv\/\">L\u00e6s mere <span class=\"screen-reader-text\">Det indre og det ydre selv.<\/span><\/a><\/p>\n","protected":false},"author":1,"featured_media":0,"parent":0,"menu_order":0,"comment_status":"closed","ping_status":"closed","template":"","meta":{"footnotes":""},"class_list":["post-33","page","type-page","status-publish","hentry","entry"],"_links":{"self":[{"href":"https:\/\/www.solring.dk\/index.php\/wp-json\/wp\/v2\/pages\/33","targetHints":{"allow":["GET"]}}],"collection":[{"href":"https:\/\/www.solring.dk\/index.php\/wp-json\/wp\/v2\/pages"}],"about":[{"href":"https:\/\/www.solring.dk\/index.php\/wp-json\/wp\/v2\/types\/page"}],"author":[{"embeddable":true,"href":"https:\/\/www.solring.dk\/index.php\/wp-json\/wp\/v2\/users\/1"}],"replies":[{"embeddable":true,"href":"https:\/\/www.solring.dk\/index.php\/wp-json\/wp\/v2\/comments?post=33"}],"version-history":[{"count":3,"href":"https:\/\/www.solring.dk\/index.php\/wp-json\/wp\/v2\/pages\/33\/revisions"}],"predecessor-version":[{"id":36,"href":"https:\/\/www.solring.dk\/index.php\/wp-json\/wp\/v2\/pages\/33\/revisions\/36"}],"wp:attachment":[{"href":"https:\/\/www.solring.dk\/index.php\/wp-json\/wp\/v2\/media?parent=33"}],"curies":[{"name":"wp","href":"https:\/\/api.w.org\/{rel}","templated":true}]}}