{"id":3,"date":"2021-01-19T08:08:50","date_gmt":"2021-01-19T08:08:50","guid":{"rendered":"https:\/\/www.solring.dk\/?page_id=3"},"modified":"2022-06-20T19:18:00","modified_gmt":"2022-06-20T19:18:00","slug":"privacy-policy","status":"publish","type":"page","link":"https:\/\/www.solring.dk\/","title":{"rendered":"Harmony Circle<\/p>En side med teknikker og v\u00e6rkt\u00f8jer til at f\u00e5 mere ud af livet"},"content":{"rendered":"<h1>Velkommen til Harmony Circle<\/p>\n<p>FORST\u00c5ELSE &#8211; INDSIGT &#8211; V\u00c6REN<\/h1>\n<p>P\u00e5 Denne side vil jeg skabe et rum, en kreds, cirkel, Hvor i vi skal holde harmonien i fokus. Derfor \u201cHarmony  Circle.<\/p>\n<p>Gennem blogs, foredrag,  Meditationer, kurser i form af webinars, vil jeg med jer diskuterer:<\/p>\n<p>Det At nyde livet og f\u00e5 mest ud af det!<\/p>\n<p>Hvordan  bliver vil til mere hele mennesker?<\/p>\n<p>Hvordan vi kan genfinde os selv, n\u00e5r man har mistet  fodf\u00e6stet, n\u00e5r t\u00e6ppet  bliver trukket v\u00e6k under   os. Og, hvordan holder vi fast i os  selv, n\u00e5r vi har  fundet os?<\/p>\n<p>Situationer og tildragelser, som man umiddelbart vil mene, ikke er selvvalgte, men som opleves som v\u00e6rende pludselige og m\u00e5ske overv\u00e6ldende udfordringer eller problemer. Jeg vil vise og forklare, hvordan vi s\u00e5 fra nu af kan v\u00e6lge at se p\u00e5 det, ved f\u00f8rst og fremmest at skabe afstand til det, s\u00e5 det ikke fylder uhensigtsm\u00e6ssigt op og bliver til fx. bekymringer.<\/p>\n<p>Kort sagt Nyd livet, s\u00e5 for du mest ud af det, men hvordan kan vi altid g\u00f8re det, uanset, hvad der sker.<\/p>\n<p>Jeg vil dele ud af forskellige v\u00e6rkt\u00f8jer til, hvordan vi kan give slip og blive gode til at flyde, n\u00e5r b\u00e5de roret og s\u00f8kortet er faldet i vandet.<\/p>\n<h3>DetIndre og det ydre selv<\/h3>\n<p>Faktisk har vi flere lag af \u201cselver\u201d, eller bevidstheder. Jeg kunne ogs\u00e5 kalde det, det bevidste og det ubevidste, men jeg vil helst ikke anerkende vores ydre selv, som ubevidst, fordi det faktisk her, er lige pr\u00e6cist det, som jeg fors\u00f8ger at g\u00f8re bevidst. Man kan ogs\u00e5 tale om at v\u00e6re v\u00e5gnet, eller v\u00e6kket, men det er ogs\u00e5. noget sludder, for vi er lige pr\u00e6cis s\u00e5 v\u00e5gne, som vores opm\u00e6rksomhed tillader os at v\u00e6re. S\u00e5 hvis det s\u00e5kaldte ubevidste forbliver ubevidst, og det er s\u00e5dan vi t\u00e6nker om det, ja s\u00e5 f\u00e5r vi ikke rigtig fat i vores ydre selv. Det er ogs\u00e5 det som mange kalder, guider, engle, det h\u00f8jere selv; men alt i alt er det kontakten til universets uendelige muligheder, eller altet. Den kontakt kan ogs\u00e5 kaldes synkronisitet, eller  evnen til at kunne synkronisere sig med alt det, som der er muligt at n\u00e5.<br \/>\n<a href=\"https:\/\/www.solring.dk\/index.php\/det-indre-og-det-ydre-selv\/\">S\u00e5 alts\u00e5 lad mig forklare.<\/a><\/p>\n<h3>Lykkens hjul<\/h3>\n<p>Det du t\u00e6nker, eller synes om, det du oplever, eller den m\u00e5de du anskuer dit liv p\u00e5, kan sammenlignes let med et hjuls drejen til enten den  ene eller den anden side. Er det f\u00f8rst kommet op i omdrejninger til den ene side, er det meget tungt at f\u00e5 til at dreje den anden vej. P\u00e5 samme m\u00e5de er det temmelig sv\u00e6rt at se det positive, n\u00e5r f\u00f8rst du har f\u00e5et \u00f8je p\u00e5 det negative. I bedste fald bliver det oftest til en slags resinasion,<br \/>\n\u201cja, s\u00e5dan er livet jo bare\u201d, eller, \u201cen ulykke kommer sj\u00e6ldent alene.\u201d<br \/>\n<a href=\"https:\/\/www.solring.dk\/index.php\/lykkens-hjul-eller-tankens-forstaerkning\/\">Tankens forst\u00e6rkning<\/a><\/p>\n<h3>Fokus<\/h3>\n<p>En af de meget vigtige ting er at kunne Fokusere og dermed ogs\u00e5 at kunne affokusere for at kunne v\u00e6re fuldt og helt i dette nu, og kun dette nu.<br \/>\nDet du lige nu oplever i dit liv er pr\u00e6get af din holdning til det. Har det gjort dig ked af det, eller har det gjort dig glad inden i. Den f\u00f8lelse du lige nu oplever kommer fra det der er sket, alts\u00e5 fortid, eller det du gl\u00e6der dig  til, alts\u00e5 fremtid. S\u00e5 for at opleve nuet helt rent og uden indblanding fra dine f\u00f8lelser, tanker og dit \u00f8vrige syn p\u00e5 tilv\u00e6relsen, m\u00e5 du kunne slippe alle tanker om dine oplevelser, affokuserer, og fokuserer p\u00e5 din indre rene v\u00e6ren. Nogle kalder det meditation, andre kalder det fordybelse.<br \/>\n<a href=\"https:\/\/www.solring.dk\/index.php\/sample-page\/\">Fokus<\/a><\/p>\n<p>Denne side er under opbygning, S\u00e5 du vil j\u00e6vntligt kunne finde flere svar p\u00e5 disse ting.<\/p>\n","protected":false},"excerpt":{"rendered":"<p>Velkommen til Harmony Circle FORST\u00c5ELSE &#8211; INDSIGT &#8211; V\u00c6REN P\u00e5 Denne side vil jeg skabe et rum, en kreds, cirkel, Hvor i vi skal holde harmonien i fokus. Derfor \u201cHarmony Circle. Gennem blogs, foredrag, Meditationer, kurser i form af webinars, vil jeg med jer diskuterer: Det At nyde livet og f\u00e5 mest ud af det!&hellip; <a class=\"more-link\" href=\"https:\/\/www.solring.dk\/\">L\u00e6s mere <span class=\"screen-reader-text\">Harmony Circle<\/p>\n<p>En side med teknikker og v\u00e6rkt\u00f8jer til at f\u00e5 mere ud af livet<\/span><\/a><\/p>\n","protected":false},"author":1,"featured_media":25,"parent":0,"menu_order":0,"comment_status":"closed","ping_status":"open","template":"","meta":{"footnotes":""},"class_list":["post-3","page","type-page","status-publish","has-post-thumbnail","hentry","entry"],"_links":{"self":[{"href":"https:\/\/www.solring.dk\/index.php\/wp-json\/wp\/v2\/pages\/3","targetHints":{"allow":["GET"]}}],"collection":[{"href":"https:\/\/www.solring.dk\/index.php\/wp-json\/wp\/v2\/pages"}],"about":[{"href":"https:\/\/www.solring.dk\/index.php\/wp-json\/wp\/v2\/types\/page"}],"author":[{"embeddable":true,"href":"https:\/\/www.solring.dk\/index.php\/wp-json\/wp\/v2\/users\/1"}],"replies":[{"embeddable":true,"href":"https:\/\/www.solring.dk\/index.php\/wp-json\/wp\/v2\/comments?post=3"}],"version-history":[{"count":9,"href":"https:\/\/www.solring.dk\/index.php\/wp-json\/wp\/v2\/pages\/3\/revisions"}],"predecessor-version":[{"id":46,"href":"https:\/\/www.solring.dk\/index.php\/wp-json\/wp\/v2\/pages\/3\/revisions\/46"}],"wp:featuredmedia":[{"embeddable":true,"href":"https:\/\/www.solring.dk\/index.php\/wp-json\/wp\/v2\/media\/25"}],"wp:attachment":[{"href":"https:\/\/www.solring.dk\/index.php\/wp-json\/wp\/v2\/media?parent=3"}],"curies":[{"name":"wp","href":"https:\/\/api.w.org\/{rel}","templated":true}]}}